{"id":1308,"date":"2026-04-15T09:38:51","date_gmt":"2026-04-15T09:38:51","guid":{"rendered":"http:\/\/asv-petriheil-bza.de\/?page_id=1308"},"modified":"2026-04-15T12:58:02","modified_gmt":"2026-04-15T12:58:02","slug":"aktuelles-termine","status":"publish","type":"page","link":"https:\/\/asv-petriheil-bza.de\/?page_id=1308","title":{"rendered":"Aktuelles\/Termine"},"content":{"rendered":"\n<p><strong>Angeltermine &amp; Arbeitseins\u00e4tze in 202<\/strong>6<\/p>\n\n\n\n<p>Sehr geehrtes Vereinsmitglied, am vergangenen Samstag, den 11.04.2026, hatten wir Freizeitfischer unseren Arbeitseinsatz an der Wies-Lauter angesetzt und mit einigen els\u00e4\u00dfischen Angelkollegen durchgef\u00fchrt. Am kommenden Samstag den 18.04.2026 f\u00fchrt die Ortsgemeinde Schweighofen eine S\u00e4uberungsaktion \u201eSaubere Landschaft\u201c in der Gemarkung Schweighofen durch. Hier besteht f\u00fcr unsere Mitglieder die M\u00f6glichkeit die geforderten Pflicht-Arbeitsstunden f\u00fcr 2026 zu erbringen. Beginn der S\u00e4uberungsaktion Samstag den18.04.2026 ab 10:00 Uhr Treffpunkt an der Kulturhalle in Schweighofen . Wir als Angelsportverein unterst\u00fctzen erstmals die Ortsgemeinde bei der Durchf\u00fchrung einer S\u00e4uberungsaktion. Hier wollen wir gemeinsam uns f\u00fcr eine saubere Natur einsetzen. Wir Freizeitfischer werden uns der Wies-Lauter annehmen. Hier gibt es noch einen Streckenabschnitt den wir am vergangenen Samstag nicht abgelaufen sind. Als Verein k\u00f6nnen wir mit einer Teilnahme an der angesetzten S\u00e4uberungsaktion Flagge zeigen f\u00fcr eine saubere naturnahe Natur. Wir hoffen auf rege Teilnahme<\/p>\n\n\n\n<p>Vorstandschaft<\/p>\n\n\n\n<p><br>17.05.2026: Gemeinschaftsfischen \u201eAnfischen\u201c an der Franzosenlache in Steinfeld<br>Beginn 09:00 Uhr bis 15:00 Uhr; Pause 12 bis 13 Uhr<\/p>\n\n\n\n<p><\/p>\n\n\n\n<p>15.08.2026:  Gemeinschaftsfischen &#8222;Nachtangeln&#8220; an der Franzoenlache<br>Beginn: 09 Uhr ; Ende 15 Uhr; Mittagspause 12 -13 Uhr<\/p>\n\n\n\n<p>26.09.2026:   Gemeinschaftsfischen &#8222;Raubfischangeln undNachtangeln&#8220; an der Franzoenlache<br>Beginn: 15 Uhr ; Ende 24 Uhr<\/p>\n\n\n\n<p><\/p>\n\n\n\n<p>02.10.2026:; Aufbau iund Kartoffelsch\u00e4len f\u00fcr Fischessen in Schweighofen  ab 15 Uhr<\/p>\n\n\n\n<p><\/p>\n\n\n\n<p>03.10.2026: Fischessen in Schweighofen in der Kulturhalle<\/p>\n\n\n\n<p>Standdienst von 10 Uhr bis 15 Uhr Abbau ab 15:30 Uhr<\/p>\n\n\n\n<p>21.11.2026: Arbeitseinsatz  &#8222;Laubaktion&#8220; an der Franzosenlache Steinfeld<\/p>\n\n\n\n<p><br><strong>*Veranstaltungen sind Wetterabh\u00e4ngig. Bei schlechter Witterung k\u00f6nnen Veranstaltung auf einen anderen Zeitpunkt oder ganz abgesagt werden. Info mittels E-Mail oder Homepage.<br>Die Vereinsf\u00fchrung hofft auf rege Unterst\u00fctzung an den Vereins-Aktivit\u00e4ten welche f\u00fcr 2025 geplant<br>sind. Nur gemeinsam sind wir Freizeitfischer und Hobbyangler stark und k\u00f6nnen etwas erreichen.<br>Bitte helft mit, die Arbeit schafft sich nicht von alleine. Jede helfende Hand ist willkommen<\/strong><\/p>\n","protected":false},"excerpt":{"rendered":"<p>Angeltermine &amp; Arbeitseins\u00e4tze in 2026 Sehr geehrtes Vereinsmitglied, am vergangenen Samstag, den 11.04.2026, hatten wir Freizeitfischer unseren Arbeitseinsatz an der Wies-Lauter angesetzt und mit einigen els\u00e4\u00dfischen Angelkollegen durchgef\u00fchrt. Am kommenden Samstag den 18.04.2026 f\u00fchrt die Ortsgemeinde Schweighofen eine S\u00e4uberungsaktion \u201eSaubere Landschaft\u201c in der Gemarkung Schweighofen durch. Hier besteht f\u00fcr unsere Mitglieder die M\u00f6glichkeit die geforderten [&hellip;]<\/p>\n","protected":false},"author":1,"featured_media":0,"parent":0,"menu_order":0,"comment_status":"closed","ping_status":"closed","template":"","meta":{"footnotes":""},"class_list":["post-1308","page","type-page","status-publish","hentry"],"_links":{"self":[{"href":"https:\/\/asv-petriheil-bza.de\/index.php?rest_route=\/wp\/v2\/pages\/1308","targetHints":{"allow":["GET"]}}],"collection":[{"href":"https:\/\/asv-petriheil-bza.de\/index.php?rest_route=\/wp\/v2\/pages"}],"about":[{"href":"https:\/\/asv-petriheil-bza.de\/index.php?rest_route=\/wp\/v2\/types\/page"}],"author":[{"embeddable":true,"href":"https:\/\/asv-petriheil-bza.de\/index.php?rest_route=\/wp\/v2\/users\/1"}],"replies":[{"embeddable":true,"href":"https:\/\/asv-petriheil-bza.de\/index.php?rest_route=%2Fwp%2Fv2%2Fcomments&post=1308"}],"version-history":[{"count":12,"href":"https:\/\/asv-petriheil-bza.de\/index.php?rest_route=\/wp\/v2\/pages\/1308\/revisions"}],"predecessor-version":[{"id":1384,"href":"https:\/\/asv-petriheil-bza.de\/index.php?rest_route=\/wp\/v2\/pages\/1308\/revisions\/1384"}],"wp:attachment":[{"href":"https:\/\/asv-petriheil-bza.de\/index.php?rest_route=%2Fwp%2Fv2%2Fmedia&parent=1308"}],"curies":[{"name":"wp","href":"https:\/\/api.w.org\/{rel}","templated":true}]}}