{"id":18,"date":"2012-02-08T08:36:42","date_gmt":"2012-02-08T08:36:42","guid":{"rendered":"http:\/\/asv-petriheil-bza.de\/wordpress\/?page_id=18"},"modified":"2026-04-15T14:47:04","modified_gmt":"2026-04-15T14:47:04","slug":"regeln","status":"publish","type":"page","link":"https:\/\/asv-petriheil-bza.de\/?page_id=18","title":{"rendered":"Regeln"},"content":{"rendered":"<h2 style=\"padding-left: 30px; text-align: left;\">Mindestma\u00dfe, Schonzeiten:<\/h2>\n<p style=\"padding-left: 30px; text-align: left;\">Fische nach benannter Arten d\u00fcrfen dem Gew\u00e4sser nur entnommen werden, wenn sie mindestens folgende K\u00f6rperl\u00e4nge haben:<br \/>\nAal 50 cm<\/p>\n<p style=\"padding-left: 30px; text-align: left;\">Karpfen 35 cm<\/p>\n<p style=\"padding-left: 30px; text-align: left;\">Barsch frei<\/p>\n<p style=\"padding-left: 30px; text-align: left;\">Schleie 30 cm<\/p>\n<p style=\"padding-left: 30px; text-align: left;\">Hecht 50 cm, Schonzeit 01.02.-14.04.<\/p>\n<p style=\"padding-left: 30px; text-align: left;\">Rotauge 15 cm<\/p>\n<p style=\"padding-left: 30px; text-align: left;\">Zander 45 cm, Schonzeit\u00a001.04.-31-05.<\/p>\n<p style=\"padding-left: 30px; text-align: left;\">Rotfeder 15 cm<\/p>\n<p style=\"padding-left: 30px; text-align: left;\">Bachforelle 27 cm<\/p>\n<p style=\"padding-left: 30px; text-align: left;\">Brasse 20 cm<\/p>\n<p style=\"padding-left: 30px; text-align: left;\">Regenbogenforelle 27 cm<\/p>\n<p style=\"padding-left: 30px; text-align: left;\">Wels frei<\/p>\n<p style=\"padding-left: 30px; text-align: left;\">Bachsaibling 27 cm<\/p>\n<p style=\"padding-left: 30px; text-align: left;\">\u00c4sche 30 cm<\/p>\n<p style=\"padding-left: 30px; text-align: left;\">Die Mindestma\u00dfe sind gesetzlich festgelegt und daher einzuhalten.<\/p>\n<p>\u00a0 \u00a0 \u00a0Vereinsintern wurde beschlossen die Mindestma\u00dfe von\u00a0 \u00a0 Bachforelle, Regenbogenforelle<\/p>\n<p>und Bachsaibling auf 30cm zu erh\u00f6hen.<\/p>\n<h2 style=\"padding-left: 30px; text-align: left;\">Fangbeschr\u00e4nkungen:<\/h2>\n<p style=\"padding-left: 30px; text-align: left;\">Pro Tag: 1 Hecht, 2 Karpfen, 1 Zander, 2 Schleie, 5 Bachforelle, 2 \u00c4sche<\/p>\n<p style=\"padding-left: 30px; text-align: left;\">\n","protected":false},"excerpt":{"rendered":"<p>Mindestma\u00dfe, Schonzeiten: Fische nach benannter Arten d\u00fcrfen dem Gew\u00e4sser nur entnommen werden, wenn sie mindestens folgende K\u00f6rperl\u00e4nge haben: Aal 50 cm Karpfen 35 cm Barsch frei Schleie 30 cm Hecht 50 cm, Schonzeit 01.02.-14.04. Rotauge 15 cm Zander 45 cm, Schonzeit\u00a001.04.-31-05. Rotfeder 15 cm Bachforelle 27 cm Brasse 20 cm Regenbogenforelle 27 cm Wels frei [&hellip;]<\/p>\n","protected":false},"author":2,"featured_media":0,"parent":29,"menu_order":0,"comment_status":"open","ping_status":"open","template":"","meta":{"footnotes":""},"class_list":["post-18","page","type-page","status-publish","hentry"],"_links":{"self":[{"href":"https:\/\/asv-petriheil-bza.de\/index.php?rest_route=\/wp\/v2\/pages\/18","targetHints":{"allow":["GET"]}}],"collection":[{"href":"https:\/\/asv-petriheil-bza.de\/index.php?rest_route=\/wp\/v2\/pages"}],"about":[{"href":"https:\/\/asv-petriheil-bza.de\/index.php?rest_route=\/wp\/v2\/types\/page"}],"author":[{"embeddable":true,"href":"https:\/\/asv-petriheil-bza.de\/index.php?rest_route=\/wp\/v2\/users\/2"}],"replies":[{"embeddable":true,"href":"https:\/\/asv-petriheil-bza.de\/index.php?rest_route=%2Fwp%2Fv2%2Fcomments&post=18"}],"version-history":[{"count":6,"href":"https:\/\/asv-petriheil-bza.de\/index.php?rest_route=\/wp\/v2\/pages\/18\/revisions"}],"predecessor-version":[{"id":1390,"href":"https:\/\/asv-petriheil-bza.de\/index.php?rest_route=\/wp\/v2\/pages\/18\/revisions\/1390"}],"up":[{"embeddable":true,"href":"https:\/\/asv-petriheil-bza.de\/index.php?rest_route=\/wp\/v2\/pages\/29"}],"wp:attachment":[{"href":"https:\/\/asv-petriheil-bza.de\/index.php?rest_route=%2Fwp%2Fv2%2Fmedia&parent=18"}],"curies":[{"name":"wp","href":"https:\/\/api.w.org\/{rel}","templated":true}]}}