{"id":29,"date":"2012-02-08T09:23:31","date_gmt":"2012-02-08T09:23:31","guid":{"rendered":"http:\/\/asv-petriheil-bza.de\/wordpress\/?page_id=29"},"modified":"2017-02-07T12:45:35","modified_gmt":"2017-02-07T12:45:35","slug":"uber-uns","status":"publish","type":"page","link":"https:\/\/asv-petriheil-bza.de\/?page_id=29","title":{"rendered":"\u00dcber uns"},"content":{"rendered":"<p style=\"text-align: justify;\">Der Verein wurde am 16.M\u00e4rz 1975 durch 18 aktive Fischer in Steinfeld gegr\u00fcndet.<br \/>\nDer damals zum 1.Vorsitzenden gew\u00e4hlte G\u00fcnther Hartenstein brachte das erste Vereinsgew\u00e4sser, den sogenannten Otterbachgraben 2 in der Gemarkung Kapsweyer ein. Die Mitgliederzahl wuchs schnell und bewegt sich seit Jahren um die 100 Mitglieder, Jugendliche mit eingeschlossen.<br \/>\nMit der Gr\u00fcndung trat der Verein dem VDSF- Verband Deutscher Sportfischer, Landesverband Rheinland-Pfalz bei. Mit dem Beitritt wurde der Verein gleichzeitig Mitglied im Landesfischereiverband Pfalz e.V.<br \/>\n1985 erfolgte dann der Beitritt in den Sportbund Pfalz, Fachverband Sportfischen. Beiden Verb\u00e4nden geh\u00f6rt der Verein heute noch als Mitglied an.<br \/>\nNachdem durch ein fast totales Fischsterben Ende 1975 der Otterbachgraben nicht mehr als Fischgew\u00e4sser nutzbar war, konnte als Ersatz der sogenannte Campingsee in der Gemarkung Steinfeld angepachtet werden. Aber auch hier musste das Gew\u00e4sser, das der Verein als Unterp\u00e4chter gepachtet hatte, nach Auseinandersetzungen zwischen dem P\u00e4chter und der Gemeinde aufgegeben werden.<br \/>\n1977 konnte dann die sogenannte Franzosenlache von der Landesforstverwaltung angepachtet werden und ist seither das Vereinsgew\u00e4sser.<\/p>\n","protected":false},"excerpt":{"rendered":"<p>Der Verein wurde am 16.M\u00e4rz 1975 durch 18 aktive Fischer in Steinfeld gegr\u00fcndet. Der damals zum 1.Vorsitzenden gew\u00e4hlte G\u00fcnther Hartenstein brachte das erste Vereinsgew\u00e4sser, den sogenannten Otterbachgraben 2 in der Gemarkung Kapsweyer ein. Die Mitgliederzahl wuchs schnell und bewegt sich seit Jahren um die 100 Mitglieder, Jugendliche mit eingeschlossen. Mit der Gr\u00fcndung trat der Verein [&hellip;]<\/p>\n","protected":false},"author":2,"featured_media":0,"parent":0,"menu_order":0,"comment_status":"open","ping_status":"open","template":"","meta":{"footnotes":""},"class_list":["post-29","page","type-page","status-publish","hentry"],"_links":{"self":[{"href":"https:\/\/asv-petriheil-bza.de\/index.php?rest_route=\/wp\/v2\/pages\/29","targetHints":{"allow":["GET"]}}],"collection":[{"href":"https:\/\/asv-petriheil-bza.de\/index.php?rest_route=\/wp\/v2\/pages"}],"about":[{"href":"https:\/\/asv-petriheil-bza.de\/index.php?rest_route=\/wp\/v2\/types\/page"}],"author":[{"embeddable":true,"href":"https:\/\/asv-petriheil-bza.de\/index.php?rest_route=\/wp\/v2\/users\/2"}],"replies":[{"embeddable":true,"href":"https:\/\/asv-petriheil-bza.de\/index.php?rest_route=%2Fwp%2Fv2%2Fcomments&post=29"}],"version-history":[{"count":0,"href":"https:\/\/asv-petriheil-bza.de\/index.php?rest_route=\/wp\/v2\/pages\/29\/revisions"}],"wp:attachment":[{"href":"https:\/\/asv-petriheil-bza.de\/index.php?rest_route=%2Fwp%2Fv2%2Fmedia&parent=29"}],"curies":[{"name":"wp","href":"https:\/\/api.w.org\/{rel}","templated":true}]}}