{"id":58,"date":"2012-02-09T09:28:32","date_gmt":"2012-02-09T09:28:32","guid":{"rendered":"http:\/\/asv-petriheil-bza.de\/wordpress\/?page_id=58"},"modified":"2012-02-29T23:19:43","modified_gmt":"2012-02-29T23:19:43","slug":"erlenbach","status":"publish","type":"page","link":"https:\/\/asv-petriheil-bza.de\/?page_id=58","title":{"rendered":"Erlenbach"},"content":{"rendered":"<p>Nach der Umgestaltung des Bachlaufes am Erlenbach in den Sommermonaten, oberhalb von Kapellen-Drusweiler, haben sich die Lebensbedingungen f\u00fcr Kleinfischen, bis zum Sp\u00e4tjahr, erkennbar verbessert. Nun wurden im Dezember 1500 Moderlieschen, 1000 dreistachliche Stichlinge, 250 Stichlinge und 60 einheimische Teichmuscheln bestellt,in den Erlenbach ausgesetzt.\u00a0 Nach der Umgestaltung des Bachlaufes am Erlenbach in den Sommermonaten, oberhalb von Kapellen-Drusweiler, haben sich die Lebensbedingungen f\u00fcr Kleinfischen, bis zum Sp\u00e4tjahr, erkennbar verbessert. Nun wurden im Dezember 1500 Moderlieschen, 1000 dreistachliche Stichlinge, 250 Stichlinge und 60 einheimische Teichmuscheln bestellt,in den Erlenbach ausgesetzt.<\/p>\n<p>Renaturierung vom Erlenbach<\/p>\n<p>In m\u00fchevoller Handarbeit wurden Stein f\u00fcr Stein von der Wassergruppe in den Bach zu einem Querriegel aufgesetzt. Mit erkennbaren Erfolg, da sich die Bachstr\u00f6mung den leichtesten Weg sucht entstand die erste leichte Bachkr\u00fcmmung. Weitere zwei Steinriegel wurden versetzt hintereinander im Bach aufgesetzt. Zur Erdreichstabilisierung der neu entstandenen Engstellen wurden Totholz bzw. gro\u00dfe Steinbrocken verwendet.<br \/>\nNach beh\u00f6rdlicher Genehmigung f\u00fcr die Umgestaltung des Bachlaufs am Erlenbach wurde die Vereinsjugend zu einer Jugendaktivit\u00e4t eingeladen. Nach kurzer Lagebesprechung wurden die Stellen mit St\u00f6cken markiert an denen die Wasserbausteinen bzw. Totholzwurzeln in den Erlenbach eingebracht werden sollten.<br \/>\nUmsiedlung von Bachflohkrebsen<br \/>\nIm Sommer bilden sich auf etlichen Weihern, je nach Wetterlage, Algenklumpen an der Wasseroberfl\u00e4che. Viele Bachflohkrebse finden in den Algen oder an den Wasserpflanzen ihre Nahrung und somit ihren Lebensraum.Im Sommer bilden sich auf etlichen Weihern, je nach Wetterlage, Algenklumpen an der Wasseroberfl\u00e4che. Viele Bachflohkrebse finden in den Algen oder an den Wasserpflanzen ihre Nahrung und somit ihren Lebensraum.<\/p>\n<p>Um die Streckenweise bestehende Pflanzenarmut im Erlenbach zu mindern, durften einige Kinder aus dem Privatteich mehrere Wasserpflanzen wie den Igelkolben, Binsen, Pfeilkraut und einige Rohrglanzgr\u00e4ser entnehmen. Zeitgleich mit den Bachflohkrebsen wurden die Wasserpflanzen in das Bachbett eingebracht und mit Steinen das Wurzelwerk verfestigt.\u00a0 Einige \u00dcberwasserpflanzen besitzen optimale Voraussetzungen zur Befestigung von Grabenb\u00f6schungen. Zudem tragen sie zur Selbstreinigung des Bachwassers bei, denn sie binden N\u00e4hr- und Schadstoffe.\u00a0 Die Jugendgruppe hofft mit der Pflanzaktion den Mangel an Wasserpflanzen im Erlenbach zu mindern und somit neue Lebensr\u00e4ume f\u00fcr V\u00f6gel, Fische, Amphibien und Insekten zu schaffen.Um die Streckenweise bestehende Pflanzenarmut im Erlenbach zu mindern, durften einige Kinder aus dem Privatteich mehrere Wasserpflanzen wie den Igelkolben, Binsen, Pfeilkraut und einige Rohrglanzgr\u00e4ser entnehmen. Zeitgleich mit den Bachflohkrebsen wurden die Wasserpflanzen in das Bachbett eingebracht und mit Steinen das Wurzelwerk verfestigt.\u00a0 Einige \u00dcberwasserpflanzen besitzen optimale Voraussetzungen zur Befestigung von Grabenb\u00f6schungen. Zudem tragen sie zur Selbstreinigung des Bachwassers bei, denn sie binden N\u00e4hr- und Schadstoffe.\u00a0 Die Jugendgruppe hofft mit der Pflanzaktion den Mangel an Wasserpflanzen im Erlenbach zu mindern und somit neue Lebensr\u00e4ume f\u00fcr V\u00f6gel, Fische, Amphibien und Insekten zu schaffen.<\/p>\n","protected":false},"excerpt":{"rendered":"<p>Nach der Umgestaltung des Bachlaufes am Erlenbach in den Sommermonaten, oberhalb von Kapellen-Drusweiler, haben sich die Lebensbedingungen f\u00fcr Kleinfischen, bis zum Sp\u00e4tjahr, erkennbar verbessert. Nun wurden im Dezember 1500 Moderlieschen, 1000 dreistachliche Stichlinge, 250 Stichlinge und 60 einheimische Teichmuscheln bestellt,in den Erlenbach ausgesetzt.\u00a0 Nach der Umgestaltung des Bachlaufes am Erlenbach in den Sommermonaten, oberhalb von [&hellip;]<\/p>\n","protected":false},"author":2,"featured_media":0,"parent":33,"menu_order":0,"comment_status":"closed","ping_status":"closed","template":"","meta":{"footnotes":""},"class_list":["post-58","page","type-page","status-publish","hentry"],"_links":{"self":[{"href":"https:\/\/asv-petriheil-bza.de\/index.php?rest_route=\/wp\/v2\/pages\/58","targetHints":{"allow":["GET"]}}],"collection":[{"href":"https:\/\/asv-petriheil-bza.de\/index.php?rest_route=\/wp\/v2\/pages"}],"about":[{"href":"https:\/\/asv-petriheil-bza.de\/index.php?rest_route=\/wp\/v2\/types\/page"}],"author":[{"embeddable":true,"href":"https:\/\/asv-petriheil-bza.de\/index.php?rest_route=\/wp\/v2\/users\/2"}],"replies":[{"embeddable":true,"href":"https:\/\/asv-petriheil-bza.de\/index.php?rest_route=%2Fwp%2Fv2%2Fcomments&post=58"}],"version-history":[{"count":1,"href":"https:\/\/asv-petriheil-bza.de\/index.php?rest_route=\/wp\/v2\/pages\/58\/revisions"}],"predecessor-version":[{"id":283,"href":"https:\/\/asv-petriheil-bza.de\/index.php?rest_route=\/wp\/v2\/pages\/58\/revisions\/283"}],"up":[{"embeddable":true,"href":"https:\/\/asv-petriheil-bza.de\/index.php?rest_route=\/wp\/v2\/pages\/33"}],"wp:attachment":[{"href":"https:\/\/asv-petriheil-bza.de\/index.php?rest_route=%2Fwp%2Fv2%2Fmedia&parent=58"}],"curies":[{"name":"wp","href":"https:\/\/api.w.org\/{rel}","templated":true}]}}