{"id":60,"date":"2012-02-09T09:29:10","date_gmt":"2012-02-09T09:29:10","guid":{"rendered":"http:\/\/asv-petriheil-bza.de\/wordpress\/?page_id=60"},"modified":"2012-02-09T09:29:10","modified_gmt":"2012-02-09T09:29:10","slug":"trockenmauer","status":"publish","type":"page","link":"https:\/\/asv-petriheil-bza.de\/?page_id=60","title":{"rendered":"Trockenmauer"},"content":{"rendered":"<p align=\"CENTER\"><span style=\"font-size: x-large;\"><em><strong>Fr\u00fchjahrsputz am Vereinsgew\u00e4sser<\/strong><\/em><\/span><\/p>\n<p align=\"LEFT\"><span style=\"font-size: medium;\"><em><strong>Anfang M\u00e4rz trafen sich einige Mitglieder des Angelsportverein \u201ePetri Heil\u201c <\/strong><\/em><\/span><\/p>\n<p align=\"LEFT\"><span style=\"font-size: medium;\"><em><strong>Bad Bergzabern zu einem au\u00dfergew\u00f6hnlichen Arbeitseinsatz am Vereinsgew\u00e4sser<br \/>\nin Steinfeld.<\/strong><\/em><\/span><\/p>\n<p align=\"LEFT\"><a href=\"http:\/\/asv-petriheil-bza.de\/wp-content\/uploads\/k-PIC_03171.jpg\"><img loading=\"lazy\" decoding=\"async\" class=\"alignnone size-medium wp-image-161\" title=\"k-PIC_0317\" src=\"http:\/\/asv-petriheil-bza.de\/wordpress\/wp-content\/uploads\/2012\/02\/k-PIC_03171-300x225.jpg\" alt=\"\" width=\"300\" height=\"225\" srcset=\"https:\/\/asv-petriheil-bza.de\/wp-content\/uploads\/k-PIC_03171-300x225.jpg 300w, https:\/\/asv-petriheil-bza.de\/wp-content\/uploads\/k-PIC_03171.jpg 640w\" sizes=\"auto, (max-width: 300px) 100vw, 300px\" \/><\/a><\/p>\n<p align=\"LEFT\"><span style=\"font-size: medium;\"><em><em>Ziel de<\/em>s A<\/em><\/span><span style=\"font-size: medium;\"><em>r<\/em><\/span><span style=\"font-size: medium;\"><em>beitseinsa<\/em><\/span><span style=\"font-size: medium;\"><em>tze<\/em><\/span><em style=\"font-size: medium;\">s war,<\/em><em style=\"font-size: medium;\">\u00a0<\/em><em style=\"font-size: medium;\">unter anderem<\/em><em style=\"font-size: medium;\">\u00a0die m<\/em><em style=\"font-size: medium;\">it<\/em><\/p>\n<p align=\"LEFT\"><em style=\"font-size: medium;\">Erdreich und Laub verdeckte Betonplatte im<\/em><\/p>\n<p align=\"LEFT\"><span style=\"font-size: medium;\"><em>angrenzenden Gel\u00e4nde wieder freizulegen. Gleichzeitig <\/em><\/span><\/p>\n<p align=\"LEFT\"><span style=\"font-size: medium;\"><em>wurde das umliegende Gel\u00e4nde von gro\u00dfen Steinbrocken und Unrat entr\u00fcmpelt.<\/em><\/span><\/p>\n<p align=\"LEFT\"><span style=\"font-size: medium;\"><em>Das Einsammeln der Steinbrocken \u00fcbernahm <\/em><\/span><\/p>\n<p align=\"LEFT\"><span style=\"font-size: medium;\"><em>unsere Vereinsjugend. In m\u00fchevoller Hand-<\/em><\/span><\/p>\n<p align=\"LEFT\"><span style=\"font-size: medium;\"><em>arbeit erbauten die Jugendlichen eine 6 m<\/em><\/span><\/p>\n<p align=\"LEFT\"><span style=\"font-size: medium;\"><em>lange Trockenmauer. Hier k\u00f6nnen sich seltene <\/em><\/span><\/p>\n<p align=\"LEFT\"><span style=\"font-size: medium;\"><em>Insekten bzw. Eidechsen ansiedeln.<\/em><\/span><\/p>\n<p align=\"LEFT\"><span style=\"font-size: medium;\"><em>.<\/em><\/span><\/p>\n<p align=\"LEFT\"><img loading=\"lazy\" decoding=\"async\" class=\"alignnone size-thumbnail wp-image-154\" title=\"k-PIC_0340\" src=\"http:\/\/asv-petriheil-bza.de\/wordpress\/wp-content\/uploads\/2012\/02\/k-PIC_0340-150x150.jpg\" alt=\"\" width=\"150\" height=\"150\" \/><a href=\"http:\/\/asv-petriheil-bza.de\/wp-content\/uploads\/k-PIC_0313.jpg\"><img loading=\"lazy\" decoding=\"async\" class=\"alignnone size-thumbnail wp-image-156\" title=\"k-PIC_0313\" src=\"http:\/\/asv-petriheil-bza.de\/wordpress\/wp-content\/uploads\/2012\/02\/k-PIC_0313-150x150.jpg\" alt=\"\" width=\"150\" height=\"150\" \/><\/a><a href=\"http:\/\/asv-petriheil-bza.de\/wp-content\/uploads\/k-PIC_0327.jpg\"><img loading=\"lazy\" decoding=\"async\" class=\"alignnone size-thumbnail wp-image-157\" title=\"k-PIC_0327\" src=\"http:\/\/asv-petriheil-bza.de\/wordpress\/wp-content\/uploads\/2012\/02\/k-PIC_0327-150x150.jpg\" alt=\"\" width=\"150\" height=\"150\" \/><\/a><\/p>\n<p align=\"LEFT\"><span style=\"font-size: medium;\"><em><br \/>\nDas Reinigen von Vogelnistk\u00e4sten bzw. <\/em><\/span><\/p>\n<p align=\"LEFT\"><span style=\"font-size: medium;\"><em>Aufh\u00e4ngen neu restauriert<\/em><\/span><em style=\"font-size: medium;\">er Nistk\u00e4sten<\/em><\/p>\n<p align=\"LEFT\"><span style=\"font-size: medium;\"><em>wurde von einige Jugendlichen unter <\/em><\/span><\/p>\n<p align=\"LEFT\"><span style=\"font-size: medium;\"><em>Anweisung vom Wasserwart durchgef\u00fchrt.<\/em><\/span><\/p>\n<p align=\"LEFT\"><span style=\"font-size: medium;\"><em>Zus\u00e4tzlich wurde auf der R\u00fcckseite der <\/em><\/span><\/p>\n<p align=\"LEFT\"><span style=\"font-size: medium;\"><em>Trockenmauer eine Totholzaufsch\u00fcttung <\/em><\/span><\/p>\n<p align=\"LEFT\"><span style=\"font-size: medium;\"><em>vorgenommen, sie soll die Nahrungssuche<\/em><\/span><\/p>\n<p align=\"LEFT\"><span style=\"font-size: medium;\"><em>der Eidechsen erleichtern.<\/em><\/span><\/p>\n<p align=\"LEFT\"><a href=\"http:\/\/asv-petriheil-bza.de\/wp-content\/uploads\/k-PIC_0330.jpg\"><img loading=\"lazy\" decoding=\"async\" class=\"alignnone size-thumbnail wp-image-158\" title=\"k-PIC_0330\" src=\"http:\/\/asv-petriheil-bza.de\/wordpress\/wp-content\/uploads\/2012\/02\/k-PIC_0330-150x150.jpg\" alt=\"\" width=\"150\" height=\"150\" \/><\/a><a href=\"http:\/\/asv-petriheil-bza.de\/wp-content\/uploads\/k-PIC_0332.jpg\"><img loading=\"lazy\" decoding=\"async\" class=\"alignnone size-thumbnail wp-image-159\" title=\"k-PIC_0332\" src=\"http:\/\/asv-petriheil-bza.de\/wordpress\/wp-content\/uploads\/2012\/02\/k-PIC_0332-150x150.jpg\" alt=\"\" width=\"150\" height=\"150\" \/><\/a><\/p>\n<div style=\"text-align: -webkit-left;\"><span style=\"font-size: small;\"><em><br \/>\n<\/em><\/span><\/div>\n","protected":false},"excerpt":{"rendered":"<p>Fr\u00fchjahrsputz am Vereinsgew\u00e4sser Anfang M\u00e4rz trafen sich einige Mitglieder des Angelsportverein \u201ePetri Heil\u201c Bad Bergzabern zu einem au\u00dfergew\u00f6hnlichen Arbeitseinsatz am Vereinsgew\u00e4sser in Steinfeld. Ziel des Arbeitseinsatzes war,\u00a0unter anderem\u00a0die mit Erdreich und Laub verdeckte Betonplatte im angrenzenden Gel\u00e4nde wieder freizulegen. Gleichzeitig wurde das umliegende Gel\u00e4nde von gro\u00dfen Steinbrocken und Unrat entr\u00fcmpelt. Das Einsammeln der Steinbrocken \u00fcbernahm [&hellip;]<\/p>\n","protected":false},"author":2,"featured_media":0,"parent":33,"menu_order":0,"comment_status":"open","ping_status":"open","template":"","meta":{"footnotes":""},"class_list":["post-60","page","type-page","status-publish","hentry"],"_links":{"self":[{"href":"https:\/\/asv-petriheil-bza.de\/index.php?rest_route=\/wp\/v2\/pages\/60","targetHints":{"allow":["GET"]}}],"collection":[{"href":"https:\/\/asv-petriheil-bza.de\/index.php?rest_route=\/wp\/v2\/pages"}],"about":[{"href":"https:\/\/asv-petriheil-bza.de\/index.php?rest_route=\/wp\/v2\/types\/page"}],"author":[{"embeddable":true,"href":"https:\/\/asv-petriheil-bza.de\/index.php?rest_route=\/wp\/v2\/users\/2"}],"replies":[{"embeddable":true,"href":"https:\/\/asv-petriheil-bza.de\/index.php?rest_route=%2Fwp%2Fv2%2Fcomments&post=60"}],"version-history":[{"count":0,"href":"https:\/\/asv-petriheil-bza.de\/index.php?rest_route=\/wp\/v2\/pages\/60\/revisions"}],"up":[{"embeddable":true,"href":"https:\/\/asv-petriheil-bza.de\/index.php?rest_route=\/wp\/v2\/pages\/33"}],"wp:attachment":[{"href":"https:\/\/asv-petriheil-bza.de\/index.php?rest_route=%2Fwp%2Fv2%2Fmedia&parent=60"}],"curies":[{"name":"wp","href":"https:\/\/api.w.org\/{rel}","templated":true}]}}